{"id":15,"date":"2026-02-08T18:07:07","date_gmt":"2026-02-08T17:07:07","guid":{"rendered":"https:\/\/dev.anlimited.net\/?page_id=15"},"modified":"2026-02-23T14:09:36","modified_gmt":"2026-02-23T13:09:36","slug":"rolunk","status":"publish","type":"page","link":"https:\/\/dev.anlimited.net\/en\/rolunk\/","title":{"rendered":"About us"},"content":{"rendered":"<p>Az AN Limited 2011-ben alakult magyar tulajdonosok \u00e9s nemzetk\u00f6zi c\u00e9gek alap\u00edt\u00e1s\u00e1val. Az els\u0151sorban nagy \u00e9rt\u00e9k\u0171 ingatlanok kezel\u00e9se c\u00e9lj\u00e1b\u00f3l l\u00e9trej\u00f6v\u0151 AN Limited Kft. Magyarorsz\u00e1gon \u00e9s t\u00e9rs\u00e9g\u00e9ben k\u00e9pviselteti mag\u00e1t.<\/p>\n<p>We are a founding member of the Association of Commercial Real Estate Consultants in Hungary (ACORA) and we not only contribute to the development of the market, but also formulate opinions on it. For more information, please click on the following link:\u00a0<a href=\"https:\/\/acora.blog.hu\/2020\/07\/01\/a_kereskedelmi_ingatlanbefektetok_eladok_jelenleg_kivarnak\" target=\"_blank\" rel=\"noopener\">https:\/\/acora.blog.hu\/2020\/07\/01\/a_kereskedelmi_ingatlanbefektetok_eladok_jelenleg_kivarnak<\/a><\/p>\n<p>With decades of experience in international organisations, previous independent developments and continued business success, the company has strengthened its market position and is currently a leading player in the Budapest commercial real estate market.<\/p>\n<p>With a total of \u20ac15 billion of real estate under management since our founding and a portfolio of \u20ac100 million of real estate under management and ownership, we provide a reliable, stable and strong backdrop for our clients who want to work with us. Our main service activities are investment advice, valuation, letting and property asset management.<\/p>\n<p>As independent advisors, our clients receive a personalised, individual service with the highest level of discretion.<\/p>","protected":false},"excerpt":{"rendered":"<p>Az AN Limited 2011-ben alakult magyar tulajdonosok \u00e9s nemzetk\u00f6zi c\u00e9gek..<\/p>","protected":false},"author":1,"featured_media":71,"parent":0,"menu_order":0,"comment_status":"closed","ping_status":"closed","template":"templates\/about.php","meta":{"_acf_changed":false,"footnotes":""},"class_list":["post-15","page","type-page","status-publish","has-post-thumbnail","hentry"],"acf":[],"_links":{"self":[{"href":"https:\/\/dev.anlimited.net\/en\/wp-json\/wp\/v2\/pages\/15","targetHints":{"allow":["GET"]}}],"collection":[{"href":"https:\/\/dev.anlimited.net\/en\/wp-json\/wp\/v2\/pages"}],"about":[{"href":"https:\/\/dev.anlimited.net\/en\/wp-json\/wp\/v2\/types\/page"}],"author":[{"embeddable":true,"href":"https:\/\/dev.anlimited.net\/en\/wp-json\/wp\/v2\/users\/1"}],"replies":[{"embeddable":true,"href":"https:\/\/dev.anlimited.net\/en\/wp-json\/wp\/v2\/comments?post=15"}],"version-history":[{"count":1,"href":"https:\/\/dev.anlimited.net\/en\/wp-json\/wp\/v2\/pages\/15\/revisions"}],"predecessor-version":[{"id":3368,"href":"https:\/\/dev.anlimited.net\/en\/wp-json\/wp\/v2\/pages\/15\/revisions\/3368"}],"wp:featuredmedia":[{"embeddable":true,"href":"https:\/\/dev.anlimited.net\/en\/wp-json\/wp\/v2\/media\/71"}],"wp:attachment":[{"href":"https:\/\/dev.anlimited.net\/en\/wp-json\/wp\/v2\/media?parent=15"}],"curies":[{"name":"wp","href":"https:\/\/api.w.org\/{rel}","templated":true}]}}